{"id":7105,"date":"2025-04-09T16:12:35","date_gmt":"2025-04-09T14:12:35","guid":{"rendered":"https:\/\/glossa.pl\/kursy-jezyka-polskiego\/?page_id=7105"},"modified":"2025-05-30T15:36:39","modified_gmt":"2025-05-30T13:36:39","slug":"questions-et-reponses-le-polonais-comme-langue-etrangere","status":"publish","type":"page","link":"https:\/\/glossa.pl\/kursy-jezyka-polskiego\/questions-et-reponses-le-polonais-comme-langue-etrangere\/","title":{"rendered":"Questions et r\u00e9ponses &#8211; Le polonais comme langue \u00e9trang\u00e8re"},"content":{"rendered":"","protected":false},"excerpt":{"rendered":"","protected":false},"author":2,"featured_media":0,"parent":0,"menu_order":0,"comment_status":"closed","ping_status":"closed","template":"page.php","meta":{"footnotes":""},"categories":[],"tags":[],"class_list":["post-7105","page","type-page","status-publish","hentry"],"aioseo_notices":[],"_links":{"self":[{"href":"https:\/\/glossa.pl\/kursy-jezyka-polskiego\/wp-json\/wp\/v2\/pages\/7105","targetHints":{"allow":["GET"]}}],"collection":[{"href":"https:\/\/glossa.pl\/kursy-jezyka-polskiego\/wp-json\/wp\/v2\/pages"}],"about":[{"href":"https:\/\/glossa.pl\/kursy-jezyka-polskiego\/wp-json\/wp\/v2\/types\/page"}],"author":[{"embeddable":true,"href":"https:\/\/glossa.pl\/kursy-jezyka-polskiego\/wp-json\/wp\/v2\/users\/2"}],"replies":[{"embeddable":true,"href":"https:\/\/glossa.pl\/kursy-jezyka-polskiego\/wp-json\/wp\/v2\/comments?post=7105"}],"version-history":[{"count":3,"href":"https:\/\/glossa.pl\/kursy-jezyka-polskiego\/wp-json\/wp\/v2\/pages\/7105\/revisions"}],"predecessor-version":[{"id":8045,"href":"https:\/\/glossa.pl\/kursy-jezyka-polskiego\/wp-json\/wp\/v2\/pages\/7105\/revisions\/8045"}],"wp:attachment":[{"href":"https:\/\/glossa.pl\/kursy-jezyka-polskiego\/wp-json\/wp\/v2\/media?parent=7105"}],"wp:term":[{"taxonomy":"category","embeddable":true,"href":"https:\/\/glossa.pl\/kursy-jezyka-polskiego\/wp-json\/wp\/v2\/categories?post=7105"},{"taxonomy":"post_tag","embeddable":true,"href":"https:\/\/glossa.pl\/kursy-jezyka-polskiego\/wp-json\/wp\/v2\/tags?post=7105"}],"curies":[{"name":"wp","href":"https:\/\/api.w.org\/{rel}","templated":true}]}}