{"id":7035,"date":"2025-04-09T14:51:20","date_gmt":"2025-04-09T12:51:20","guid":{"rendered":"https:\/\/glossa.pl\/kursy-jezyka-polskiego\/?page_id=7035"},"modified":"2025-04-28T15:51:53","modified_gmt":"2025-04-28T13:51:53","slug":"nos-supports-pour-lenseignement-du-polonais-comme-langue-etrangere","status":"publish","type":"page","link":"https:\/\/glossa.pl\/kursy-jezyka-polskiego\/nos-supports-pour-lenseignement-du-polonais-comme-langue-etrangere\/","title":{"rendered":"Nos mat\u00e9riels pour l&#8217;enseignement du polonais comme langue \u00e9trang\u00e8re"},"content":{"rendered":"","protected":false},"excerpt":{"rendered":"","protected":false},"author":2,"featured_media":0,"parent":0,"menu_order":0,"comment_status":"closed","ping_status":"closed","template":"page.php","meta":{"footnotes":""},"categories":[],"tags":[],"class_list":["post-7035","page","type-page","status-publish","hentry"],"aioseo_notices":[],"_links":{"self":[{"href":"https:\/\/glossa.pl\/kursy-jezyka-polskiego\/wp-json\/wp\/v2\/pages\/7035","targetHints":{"allow":["GET"]}}],"collection":[{"href":"https:\/\/glossa.pl\/kursy-jezyka-polskiego\/wp-json\/wp\/v2\/pages"}],"about":[{"href":"https:\/\/glossa.pl\/kursy-jezyka-polskiego\/wp-json\/wp\/v2\/types\/page"}],"author":[{"embeddable":true,"href":"https:\/\/glossa.pl\/kursy-jezyka-polskiego\/wp-json\/wp\/v2\/users\/2"}],"replies":[{"embeddable":true,"href":"https:\/\/glossa.pl\/kursy-jezyka-polskiego\/wp-json\/wp\/v2\/comments?post=7035"}],"version-history":[{"count":7,"href":"https:\/\/glossa.pl\/kursy-jezyka-polskiego\/wp-json\/wp\/v2\/pages\/7035\/revisions"}],"predecessor-version":[{"id":7849,"href":"https:\/\/glossa.pl\/kursy-jezyka-polskiego\/wp-json\/wp\/v2\/pages\/7035\/revisions\/7849"}],"wp:attachment":[{"href":"https:\/\/glossa.pl\/kursy-jezyka-polskiego\/wp-json\/wp\/v2\/media?parent=7035"}],"wp:term":[{"taxonomy":"category","embeddable":true,"href":"https:\/\/glossa.pl\/kursy-jezyka-polskiego\/wp-json\/wp\/v2\/categories?post=7035"},{"taxonomy":"post_tag","embeddable":true,"href":"https:\/\/glossa.pl\/kursy-jezyka-polskiego\/wp-json\/wp\/v2\/tags?post=7035"}],"curies":[{"name":"wp","href":"https:\/\/api.w.org\/{rel}","templated":true}]}}