{"id":6810,"date":"2025-04-07T17:23:16","date_gmt":"2025-04-07T15:23:16","guid":{"rendered":"https:\/\/glossa.pl\/kursy-jezyka-polskiego\/?page_id=6810"},"modified":"2025-04-25T16:47:29","modified_gmt":"2025-04-25T14:47:29","slug":"carriere-rejoindre-lequipe-de-lecole-glossa","status":"publish","type":"page","link":"https:\/\/glossa.pl\/kursy-jezyka-polskiego\/carriere-rejoindre-lequipe-de-lecole-glossa\/","title":{"rendered":"Carri\u00e8re &#8211; rejoindre l&#8217;\u00e9quipe de l&#8217;\u00e9cole GLOSSA"},"content":{"rendered":"","protected":false},"excerpt":{"rendered":"","protected":false},"author":2,"featured_media":0,"parent":0,"menu_order":0,"comment_status":"closed","ping_status":"closed","template":"page.php","meta":{"footnotes":""},"categories":[],"tags":[],"class_list":["post-6810","page","type-page","status-publish","hentry"],"aioseo_notices":[],"_links":{"self":[{"href":"https:\/\/glossa.pl\/kursy-jezyka-polskiego\/wp-json\/wp\/v2\/pages\/6810","targetHints":{"allow":["GET"]}}],"collection":[{"href":"https:\/\/glossa.pl\/kursy-jezyka-polskiego\/wp-json\/wp\/v2\/pages"}],"about":[{"href":"https:\/\/glossa.pl\/kursy-jezyka-polskiego\/wp-json\/wp\/v2\/types\/page"}],"author":[{"embeddable":true,"href":"https:\/\/glossa.pl\/kursy-jezyka-polskiego\/wp-json\/wp\/v2\/users\/2"}],"replies":[{"embeddable":true,"href":"https:\/\/glossa.pl\/kursy-jezyka-polskiego\/wp-json\/wp\/v2\/comments?post=6810"}],"version-history":[{"count":3,"href":"https:\/\/glossa.pl\/kursy-jezyka-polskiego\/wp-json\/wp\/v2\/pages\/6810\/revisions"}],"predecessor-version":[{"id":7794,"href":"https:\/\/glossa.pl\/kursy-jezyka-polskiego\/wp-json\/wp\/v2\/pages\/6810\/revisions\/7794"}],"wp:attachment":[{"href":"https:\/\/glossa.pl\/kursy-jezyka-polskiego\/wp-json\/wp\/v2\/media?parent=6810"}],"wp:term":[{"taxonomy":"category","embeddable":true,"href":"https:\/\/glossa.pl\/kursy-jezyka-polskiego\/wp-json\/wp\/v2\/categories?post=6810"},{"taxonomy":"post_tag","embeddable":true,"href":"https:\/\/glossa.pl\/kursy-jezyka-polskiego\/wp-json\/wp\/v2\/tags?post=6810"}],"curies":[{"name":"wp","href":"https:\/\/api.w.org\/{rel}","templated":true}]}}