{"id":4529,"date":"2024-11-12T16:14:38","date_gmt":"2024-11-12T15:14:38","guid":{"rendered":"https:\/\/glossa.pl\/kursy-jezyka-polskiego\/?page_id=4529"},"modified":"2025-04-04T16:02:54","modified_gmt":"2025-04-04T14:02:54","slug":"galeria-zdjec-szkola-jezyka-polskiego-glossa","status":"publish","type":"page","link":"https:\/\/glossa.pl\/kursy-jezyka-polskiego\/galeria-zdjec-szkola-jezyka-polskiego-glossa\/","title":{"rendered":"Galeria zdj\u0119\u0107 &#8211; Szko\u0142a J\u0119zyka Polskiego GLOSSA"},"content":{"rendered":"","protected":false},"excerpt":{"rendered":"","protected":false},"author":5,"featured_media":0,"parent":0,"menu_order":0,"comment_status":"closed","ping_status":"closed","template":"page.php","meta":{"footnotes":""},"categories":[],"tags":[],"class_list":["post-4529","page","type-page","status-publish","hentry"],"aioseo_notices":[],"_links":{"self":[{"href":"https:\/\/glossa.pl\/kursy-jezyka-polskiego\/wp-json\/wp\/v2\/pages\/4529","targetHints":{"allow":["GET"]}}],"collection":[{"href":"https:\/\/glossa.pl\/kursy-jezyka-polskiego\/wp-json\/wp\/v2\/pages"}],"about":[{"href":"https:\/\/glossa.pl\/kursy-jezyka-polskiego\/wp-json\/wp\/v2\/types\/page"}],"author":[{"embeddable":true,"href":"https:\/\/glossa.pl\/kursy-jezyka-polskiego\/wp-json\/wp\/v2\/users\/5"}],"replies":[{"embeddable":true,"href":"https:\/\/glossa.pl\/kursy-jezyka-polskiego\/wp-json\/wp\/v2\/comments?post=4529"}],"version-history":[{"count":14,"href":"https:\/\/glossa.pl\/kursy-jezyka-polskiego\/wp-json\/wp\/v2\/pages\/4529\/revisions"}],"predecessor-version":[{"id":6725,"href":"https:\/\/glossa.pl\/kursy-jezyka-polskiego\/wp-json\/wp\/v2\/pages\/4529\/revisions\/6725"}],"wp:attachment":[{"href":"https:\/\/glossa.pl\/kursy-jezyka-polskiego\/wp-json\/wp\/v2\/media?parent=4529"}],"wp:term":[{"taxonomy":"category","embeddable":true,"href":"https:\/\/glossa.pl\/kursy-jezyka-polskiego\/wp-json\/wp\/v2\/categories?post=4529"},{"taxonomy":"post_tag","embeddable":true,"href":"https:\/\/glossa.pl\/kursy-jezyka-polskiego\/wp-json\/wp\/v2\/tags?post=4529"}],"curies":[{"name":"wp","href":"https:\/\/api.w.org\/{rel}","templated":true}]}}