{"id":4525,"date":"2024-11-12T16:12:39","date_gmt":"2024-11-12T15:12:39","guid":{"rendered":"https:\/\/glossa.pl\/kursy-jezyka-polskiego\/?page_id=4525"},"modified":"2025-04-04T11:33:20","modified_gmt":"2025-04-04T09:33:20","slug":"kariera-dolacz-do-zespolu-szkoly-glossa","status":"publish","type":"page","link":"https:\/\/glossa.pl\/kursy-jezyka-polskiego\/kariera-dolacz-do-zespolu-szkoly-glossa\/","title":{"rendered":"Kariera &#8211; do\u0142\u0105cz do zespo\u0142u szko\u0142y GLOSSA"},"content":{"rendered":"","protected":false},"excerpt":{"rendered":"","protected":false},"author":2,"featured_media":0,"parent":0,"menu_order":0,"comment_status":"closed","ping_status":"closed","template":"page.php","meta":{"footnotes":""},"categories":[],"tags":[],"class_list":["post-4525","page","type-page","status-publish","hentry"],"aioseo_notices":[],"_links":{"self":[{"href":"https:\/\/glossa.pl\/kursy-jezyka-polskiego\/wp-json\/wp\/v2\/pages\/4525","targetHints":{"allow":["GET"]}}],"collection":[{"href":"https:\/\/glossa.pl\/kursy-jezyka-polskiego\/wp-json\/wp\/v2\/pages"}],"about":[{"href":"https:\/\/glossa.pl\/kursy-jezyka-polskiego\/wp-json\/wp\/v2\/types\/page"}],"author":[{"embeddable":true,"href":"https:\/\/glossa.pl\/kursy-jezyka-polskiego\/wp-json\/wp\/v2\/users\/2"}],"replies":[{"embeddable":true,"href":"https:\/\/glossa.pl\/kursy-jezyka-polskiego\/wp-json\/wp\/v2\/comments?post=4525"}],"version-history":[{"count":12,"href":"https:\/\/glossa.pl\/kursy-jezyka-polskiego\/wp-json\/wp\/v2\/pages\/4525\/revisions"}],"predecessor-version":[{"id":6705,"href":"https:\/\/glossa.pl\/kursy-jezyka-polskiego\/wp-json\/wp\/v2\/pages\/4525\/revisions\/6705"}],"wp:attachment":[{"href":"https:\/\/glossa.pl\/kursy-jezyka-polskiego\/wp-json\/wp\/v2\/media?parent=4525"}],"wp:term":[{"taxonomy":"category","embeddable":true,"href":"https:\/\/glossa.pl\/kursy-jezyka-polskiego\/wp-json\/wp\/v2\/categories?post=4525"},{"taxonomy":"post_tag","embeddable":true,"href":"https:\/\/glossa.pl\/kursy-jezyka-polskiego\/wp-json\/wp\/v2\/tags?post=4525"}],"curies":[{"name":"wp","href":"https:\/\/api.w.org\/{rel}","templated":true}]}}